{"id":33,"date":"2025-06-19T01:45:57","date_gmt":"2025-06-19T01:45:57","guid":{"rendered":"https:\/\/parsi.es\/?page_id=33"},"modified":"2026-03-22T19:29:40","modified_gmt":"2026-03-22T19:29:40","slug":"persian-restaurant-in-madrid-2","status":"publish","type":"page","link":"https:\/\/parsi.es\/es\/","title":{"rendered":"PARSI"},"content":{"rendered":"<div data-elementor-type=\"wp-post\" data-elementor-id=\"33\" class=\"elementor elementor-33\">\n\t\t\t\t<div class=\"elementor-element elementor-element-2e7eb5f e-flex e-con-boxed e-con e-parent\" data-id=\"2e7eb5f\" data-element_type=\"container\" data-e-type=\"container\">\n\t\t\t\t\t<div class=\"e-con-inner\">\n\t\t\t\t<div class=\"elementor-element elementor-element-c5c7ebb elementor-widget elementor-widget-heading\" data-id=\"c5c7ebb\" data-element_type=\"widget\" data-e-type=\"widget\" data-widget_type=\"heading.default\">\n\t\t\t\t\t<h1 class=\"elementor-heading-title elementor-size-default\">Restaurante Persa y Halal en Madrid | Cocina Iran\u00ed - PARSI<\/h1>\t\t\t\t<\/div>\n\t\t\t\t<div class=\"elementor-element elementor-element-9ecd0e0 elementor-widget elementor-widget-text-editor\" data-id=\"9ecd0e0\" data-element_type=\"widget\" data-e-type=\"widget\" data-widget_type=\"text-editor.default\">\n\t\t\t\t\t\t\t\t\t<p data-start=\"882\" data-end=\"1202\"><strong data-start=\"882\" data-end=\"914\">Persian restaurant in Madrid<\/strong>, PARSI offers authentic Iranian cuisine in an elegant and welcoming atmosphere. Our concept is inspired by centuries of Persian\u00a0 tradition and culinary heritage.<\/p><p data-start=\"882\" data-end=\"1202\">Located near Plaza de Espa\u00f1a, PARSI\u00a0 is a reference for those seeking genuine flavors, We specialize in halal cuisine and refined dining in the heart of Madrid.<\/p><p data-start=\"1204\" data-end=\"1488\">At PARSI, we believe that Persian cuisine is more than food. It is a cultural expression shaped by history, balance and respect for tradition.<\/p><p data-start=\"1204\" data-end=\"1488\">Our dishes are prepared using authentic Iranian techniques.We carefully select every ingredient to preserve\u00a0the original essence of Iranian gastronomy.<\/p>\t\t\t\t\t\t\t\t<\/div>\n\t\t\t\t<div class=\"elementor-element elementor-element-7ac03ff elementor-widget elementor-widget-image\" data-id=\"7ac03ff\" data-element_type=\"widget\" data-e-type=\"widget\" data-widget_type=\"image.default\">\n\t\t\t\t\t\t\t\t\t\t\t\t\t\t\t<img fetchpriority=\"high\" decoding=\"async\" width=\"1024\" height=\"683\" src=\"https:\/\/parsi.es\/wp-content\/uploads\/2026\/03\/PARSI-Persian-Halal-Restaurant-Madrid.JPG-1024x683.jpg\" class=\"attachment-large size-large wp-image-1461\" alt=\"Interior del restaurante PARSI en Madrid, especializado en cocina persa y comida halal cerca de Plaza de Espa\u00f1a.\" srcset=\"https:\/\/parsi.es\/wp-content\/uploads\/2026\/03\/PARSI-Persian-Halal-Restaurant-Madrid.JPG-1024x683.jpg 1024w, https:\/\/parsi.es\/wp-content\/uploads\/2026\/03\/PARSI-Persian-Halal-Restaurant-Madrid.JPG-300x200.jpg 300w, https:\/\/parsi.es\/wp-content\/uploads\/2026\/03\/PARSI-Persian-Halal-Restaurant-Madrid.JPG-768x512.jpg 768w, https:\/\/parsi.es\/wp-content\/uploads\/2026\/03\/PARSI-Persian-Halal-Restaurant-Madrid.JPG-1536x1024.jpg 1536w, https:\/\/parsi.es\/wp-content\/uploads\/2026\/03\/PARSI-Persian-Halal-Restaurant-Madrid.JPG-18x12.jpg 18w, https:\/\/parsi.es\/wp-content\/uploads\/2026\/03\/PARSI-Persian-Halal-Restaurant-Madrid.JPG-e1773771235395.jpg 750w\" sizes=\"(max-width: 1024px) 100vw, 1024px\" \/>\t\t\t\t\t\t\t\t\t\t\t\t\t\t\t<\/div>\n\t\t\t\t<div class=\"elementor-element elementor-element-dab938a elementor-widget elementor-widget-video\" data-id=\"dab938a\" data-element_type=\"widget\" data-e-type=\"widget\" data-settings=\"{&quot;youtube_url&quot;:&quot;https:\\\/\\\/www.youtube.com\\\/shorts\\\/NgjIaI_oKyY&quot;,&quot;video_type&quot;:&quot;youtube&quot;,&quot;controls&quot;:&quot;yes&quot;}\" data-widget_type=\"video.default\">\n\t\t\t\t\t\t\t<div class=\"elementor-wrapper elementor-open-inline\">\n\t\t\t<div class=\"elementor-video\"><\/div>\t\t<\/div>\n\t\t\t\t\t\t<\/div>\n\t\t\t\t<div class=\"elementor-element elementor-element-b0d514c elementor-widget elementor-widget-heading\" data-id=\"b0d514c\" data-element_type=\"widget\" data-e-type=\"widget\" data-widget_type=\"heading.default\">\n\t\t\t\t\t<h2 class=\"elementor-heading-title elementor-size-default\">Aut\u00e9ntica cocina persa en Madrid<\/h2>\t\t\t\t<\/div>\n\t\t\t\t<div class=\"elementor-element elementor-element-4acc76b elementor-widget elementor-widget-text-editor\" data-id=\"4acc76b\" data-element_type=\"widget\" data-e-type=\"widget\" data-widget_type=\"text-editor.default\">\n\t\t\t\t\t\t\t\t\t<p data-start=\"1543\" data-end=\"1841\">Como restaurante persa, PARSI se centra en los sabores tradicionales que definen la cocina iran\u00ed. Nuestra carta destaca los kebabs persas cl\u00e1sicos y los guisos tradicionales iran\u00edes, elaborados con paciencia y atenci\u00f3n al detalle. Cada plato refleja la armon\u00eda de aromas y texturas que caracterizan a la gastronom\u00eda persa.<\/p><p data-start=\"1843\" data-end=\"2035\">Nuestra filosof\u00eda culinaria respeta las ra\u00edces de la cocina iran\u00ed, ofreciendo una experiencia equilibrada y aut\u00e9ntica que resulta atractiva tanto para quienes la descubren por primera vez como para quienes ya est\u00e1n familiarizados con la gastronom\u00eda persa.<\/p>\t\t\t\t\t\t\t\t<\/div>\n\t\t\t\t<div class=\"elementor-element elementor-element-1e42679 elementor-widget elementor-widget-image\" data-id=\"1e42679\" data-element_type=\"widget\" data-e-type=\"widget\" data-widget_type=\"image.default\">\n\t\t\t\t\t\t\t\t\t\t\t\t\t\t\t<img decoding=\"async\" width=\"683\" height=\"1024\" src=\"https:\/\/parsi.es\/wp-content\/uploads\/2026\/03\/fesenjan-pomegranate-walnut-stew-chicken-persian-parsi-madrid.jpg-683x1024.jpg\" class=\"attachment-large size-large wp-image-1504\" alt=\"Fesenjan: rich pomegranate and ground walnut stew with tender chicken at PARSI Persian Restaurant in Madrid.\" srcset=\"https:\/\/parsi.es\/wp-content\/uploads\/2026\/03\/fesenjan-pomegranate-walnut-stew-chicken-persian-parsi-madrid.jpg-683x1024.jpg 683w, https:\/\/parsi.es\/wp-content\/uploads\/2026\/03\/fesenjan-pomegranate-walnut-stew-chicken-persian-parsi-madrid.jpg-200x300.jpg 200w, https:\/\/parsi.es\/wp-content\/uploads\/2026\/03\/fesenjan-pomegranate-walnut-stew-chicken-persian-parsi-madrid.jpg-768x1152.jpg 768w, https:\/\/parsi.es\/wp-content\/uploads\/2026\/03\/fesenjan-pomegranate-walnut-stew-chicken-persian-parsi-madrid.jpg-1024x1536.jpg 1024w, https:\/\/parsi.es\/wp-content\/uploads\/2026\/03\/fesenjan-pomegranate-walnut-stew-chicken-persian-parsi-madrid.jpg-1365x2048.jpg 1365w, https:\/\/parsi.es\/wp-content\/uploads\/2026\/03\/fesenjan-pomegranate-walnut-stew-chicken-persian-parsi-madrid.jpg-8x12.jpg 8w, https:\/\/parsi.es\/wp-content\/uploads\/2026\/03\/fesenjan-pomegranate-walnut-stew-chicken-persian-parsi-madrid.jpg-scaled-e1774113490887.jpg 500w\" sizes=\"(max-width: 683px) 100vw, 683px\" \/>\t\t\t\t\t\t\t\t\t\t\t\t\t\t\t<\/div>\n\t\t\t\t<div class=\"elementor-element elementor-element-304170a elementor-widget elementor-widget-heading\" data-id=\"304170a\" data-element_type=\"widget\" data-e-type=\"widget\" data-widget_type=\"heading.default\">\n\t\t\t\t\t<h3 class=\"elementor-heading-title elementor-size-default\">Restaurante halal con tradici\u00f3n iran\u00ed<\/h3>\t\t\t\t<\/div>\n\t\t\t\t<div class=\"elementor-element elementor-element-d8f0ccd elementor-widget elementor-widget-text-editor\" data-id=\"d8f0ccd\" data-element_type=\"widget\" data-e-type=\"widget\" data-widget_type=\"text-editor.default\">\n\t\t\t\t\t\t\t\t\t<p data-start=\"1763\" data-end=\"2033\">PARSI es un restaurante halal en Madrid que ofrece cocina iran\u00ed elaborada con cuidado y respeto por la tradici\u00f3n. Nuestro enfoque halal se combina con una especial atenci\u00f3n a la calidad, el sabor y la presentaci\u00f3n, lo que convierte a PARSI en una opci\u00f3n de confianza tanto para el p\u00fablico local como para visitantes internacionales.<\/p><p data-start=\"2035\" data-end=\"2181\">Tanto si sigues una alimentaci\u00f3n halal como si simplemente deseas descubrir la aut\u00e9ntica cocina persa, PARSI ofrece una experiencia gastron\u00f3mica genuina y refinada.<\/p>\t\t\t\t\t\t\t\t<\/div>\n\t\t\t\t<div class=\"elementor-element elementor-element-de6ae74 elementor-widget elementor-widget-image\" data-id=\"de6ae74\" data-element_type=\"widget\" data-e-type=\"widget\" data-widget_type=\"image.default\">\n\t\t\t\t\t\t\t\t\t\t\t\t\t\t\t<img decoding=\"async\" width=\"683\" height=\"1024\" src=\"https:\/\/parsi.es\/wp-content\/uploads\/2026\/03\/ghormeh-sabzi-authentic-persian-herb-stew-lamb-parsi-madrid.jpg-683x1024.jpg\" class=\"attachment-large size-large wp-image-1505\" alt=\"Authentic Ghormeh Sabzi: fragrant herb stew with tender lamb, kidney beans, and dried lime at PARSI Madrid. Halal Restaurant\" srcset=\"https:\/\/parsi.es\/wp-content\/uploads\/2026\/03\/ghormeh-sabzi-authentic-persian-herb-stew-lamb-parsi-madrid.jpg-683x1024.jpg 683w, https:\/\/parsi.es\/wp-content\/uploads\/2026\/03\/ghormeh-sabzi-authentic-persian-herb-stew-lamb-parsi-madrid.jpg-200x300.jpg 200w, https:\/\/parsi.es\/wp-content\/uploads\/2026\/03\/ghormeh-sabzi-authentic-persian-herb-stew-lamb-parsi-madrid.jpg-768x1152.jpg 768w, https:\/\/parsi.es\/wp-content\/uploads\/2026\/03\/ghormeh-sabzi-authentic-persian-herb-stew-lamb-parsi-madrid.jpg-1024x1536.jpg 1024w, https:\/\/parsi.es\/wp-content\/uploads\/2026\/03\/ghormeh-sabzi-authentic-persian-herb-stew-lamb-parsi-madrid.jpg-1365x2048.jpg 1365w, https:\/\/parsi.es\/wp-content\/uploads\/2026\/03\/ghormeh-sabzi-authentic-persian-herb-stew-lamb-parsi-madrid.jpg-8x12.jpg 8w, https:\/\/parsi.es\/wp-content\/uploads\/2026\/03\/ghormeh-sabzi-authentic-persian-herb-stew-lamb-parsi-madrid.jpg-scaled-e1774113588768.jpg 500w\" sizes=\"(max-width: 683px) 100vw, 683px\" \/>\t\t\t\t\t\t\t\t\t\t\t\t\t\t\t<\/div>\n\t\t\t\t<div class=\"elementor-element elementor-element-4df6d0c elementor-widget elementor-widget-heading\" data-id=\"4df6d0c\" data-element_type=\"widget\" data-e-type=\"widget\" data-widget_type=\"heading.default\">\n\t\t\t\t\t<h4 class=\"elementor-heading-title elementor-size-default\">Restaurante persa cerca  a Plaza de Espa\u00f1a<\/h4>\t\t\t\t<\/div>\n\t\t\t\t<div class=\"elementor-element elementor-element-2e3e974 elementor-widget elementor-widget-text-editor\" data-id=\"2e3e974\" data-element_type=\"widget\" data-e-type=\"widget\" data-widget_type=\"text-editor.default\">\n\t\t\t\t\t\t\t\t\t<p data-start=\"2240\" data-end=\"2525\">Nuestro restaurante se encuentra ubicado en <strong data-start=\"2269\" data-end=\"2296\">Calle Luisa Fernanda, 8<\/strong>, a pocos minutos de Plaza de Espa\u00f1a. Esta ubicaci\u00f3n c\u00e9ntrica y de f\u00e1cil acceso convierte a PARSI en una opci\u00f3n ideal tanto para turistas que visitan Madrid como para residentes que buscan un restaurante persa de calidad en el centro de la ciudad.<\/p><p data-start=\"2527\" data-end=\"2672\">Si est\u00e1s buscando un <em data-start=\"2554\" data-end=\"2592\">restaurante persa en Madrid cerca de m\u00ed<\/em>, PARSI ofrece la combinaci\u00f3n perfecta de ubicaci\u00f3n, autenticidad y ambiente.<\/p>\t\t\t\t\t\t\t\t<\/div>\n\t\t\t\t<div class=\"elementor-element elementor-element-ef60fdd elementor-widget elementor-widget-image\" data-id=\"ef60fdd\" data-element_type=\"widget\" data-e-type=\"widget\" data-widget_type=\"image.default\">\n\t\t\t\t\t\t\t\t\t\t\t\t\t\t\t<img loading=\"lazy\" decoding=\"async\" width=\"1024\" height=\"683\" src=\"https:\/\/parsi.es\/wp-content\/uploads\/2026\/03\/sultani-barg-kebab-premium-beef-fillet-lamb-combination-parsi-madrid.jpg-1024x683.jpeg\" class=\"attachment-large size-large wp-image-1499\" alt=\"Sultani Barg Kebab: a royal combination of beef fillet mignon (Barg) and minced lamb (Koobideh) at PARSI Restaurante Persa Madrid.\" srcset=\"https:\/\/parsi.es\/wp-content\/uploads\/2026\/03\/sultani-barg-kebab-premium-beef-fillet-lamb-combination-parsi-madrid.jpg-1024x683.jpeg 1024w, https:\/\/parsi.es\/wp-content\/uploads\/2026\/03\/sultani-barg-kebab-premium-beef-fillet-lamb-combination-parsi-madrid.jpg-300x200.jpeg 300w, https:\/\/parsi.es\/wp-content\/uploads\/2026\/03\/sultani-barg-kebab-premium-beef-fillet-lamb-combination-parsi-madrid.jpg-768x512.jpeg 768w, https:\/\/parsi.es\/wp-content\/uploads\/2026\/03\/sultani-barg-kebab-premium-beef-fillet-lamb-combination-parsi-madrid.jpg-1536x1024.jpeg 1536w, https:\/\/parsi.es\/wp-content\/uploads\/2026\/03\/sultani-barg-kebab-premium-beef-fillet-lamb-combination-parsi-madrid.jpg-2048x1365.jpeg 2048w, https:\/\/parsi.es\/wp-content\/uploads\/2026\/03\/sultani-barg-kebab-premium-beef-fillet-lamb-combination-parsi-madrid.jpg-18x12.jpeg 18w, https:\/\/parsi.es\/wp-content\/uploads\/2026\/03\/sultani-barg-kebab-premium-beef-fillet-lamb-combination-parsi-madrid.jpg-scaled-e1774112829823.jpeg 750w\" sizes=\"(max-width: 1024px) 100vw, 1024px\" \/>\t\t\t\t\t\t\t\t\t\t\t\t\t\t\t<\/div>\n\t\t\t\t<div class=\"elementor-element elementor-element-2ab490b elementor-widget elementor-widget-heading\" data-id=\"2ab490b\" data-element_type=\"widget\" data-e-type=\"widget\" data-widget_type=\"heading.default\">\n\t\t\t\t\t<h5 class=\"elementor-heading-title elementor-size-default\">Ambiente c\u00e1lido con alma persa<\/h5>\t\t\t\t<\/div>\n\t\t\t\t<div class=\"elementor-element elementor-element-78a2a89 elementor-widget elementor-widget-text-editor\" data-id=\"78a2a89\" data-element_type=\"widget\" data-e-type=\"widget\" data-widget_type=\"text-editor.default\">\n\t\t\t\t\t\t\t\t\t<p data-start=\"2725\" data-end=\"2936\">El interior de PARSI ha sido cuidadosamente dise\u00f1ado para reflejar la calidez y la hospitalidad de la cultura iran\u00ed. Desde la decoraci\u00f3n hasta la m\u00fasica ambiental, cada detalle contribuye a crear un entorno gastron\u00f3mico tranquilo y elegante.<\/p><p data-start=\"2938\" data-end=\"3084\">PARSI es un espacio ideal para cenas \u00edntimas, encuentros familiares o celebraciones especiales, ofreciendo un entorno c\u00f3modo y acogedor en pleno coraz\u00f3n de Madrid.<\/p>\t\t\t\t\t\t\t\t<\/div>\n\t\t\t\t<div class=\"elementor-element elementor-element-708852e elementor-widget elementor-widget-image\" data-id=\"708852e\" data-element_type=\"widget\" data-e-type=\"widget\" data-widget_type=\"image.default\">\n\t\t\t\t\t\t\t\t\t\t\t\t\t\t\t<img loading=\"lazy\" decoding=\"async\" width=\"683\" height=\"1024\" src=\"https:\/\/parsi.es\/wp-content\/uploads\/2026\/03\/bamyeh-stew-tender-okra-lamb-tomato-sauce-parsi-madrid.jpg-683x1024.jpg\" class=\"attachment-large size-large wp-image-1503\" alt=\"Bamyeh Stew: succulent okra and lamb in a rich garlic-tomato sauce at PARSI Madrid.\" srcset=\"https:\/\/parsi.es\/wp-content\/uploads\/2026\/03\/bamyeh-stew-tender-okra-lamb-tomato-sauce-parsi-madrid.jpg-683x1024.jpg 683w, https:\/\/parsi.es\/wp-content\/uploads\/2026\/03\/bamyeh-stew-tender-okra-lamb-tomato-sauce-parsi-madrid.jpg-200x300.jpg 200w, https:\/\/parsi.es\/wp-content\/uploads\/2026\/03\/bamyeh-stew-tender-okra-lamb-tomato-sauce-parsi-madrid.jpg-768x1152.jpg 768w, https:\/\/parsi.es\/wp-content\/uploads\/2026\/03\/bamyeh-stew-tender-okra-lamb-tomato-sauce-parsi-madrid.jpg-1024x1536.jpg 1024w, https:\/\/parsi.es\/wp-content\/uploads\/2026\/03\/bamyeh-stew-tender-okra-lamb-tomato-sauce-parsi-madrid.jpg-1365x2048.jpg 1365w, https:\/\/parsi.es\/wp-content\/uploads\/2026\/03\/bamyeh-stew-tender-okra-lamb-tomato-sauce-parsi-madrid.jpg-8x12.jpg 8w, https:\/\/parsi.es\/wp-content\/uploads\/2026\/03\/bamyeh-stew-tender-okra-lamb-tomato-sauce-parsi-madrid.jpg-scaled-e1774113396691.jpg 500w\" sizes=\"(max-width: 683px) 100vw, 683px\" \/>\t\t\t\t\t\t\t\t\t\t\t\t\t\t\t<\/div>\n\t\t\t\t<div class=\"elementor-element elementor-element-f9becd9 elementor-widget-divider--view-line elementor-widget elementor-widget-divider\" data-id=\"f9becd9\" data-element_type=\"widget\" data-e-type=\"widget\" data-widget_type=\"divider.default\">\n\t\t\t\t\t\t\t<div class=\"elementor-divider\">\n\t\t\t<span class=\"elementor-divider-separator\">\n\t\t\t\t\t\t<\/span>\n\t\t<\/div>\n\t\t\t\t\t\t<\/div>\n\t\t\t\t<div class=\"elementor-element elementor-element-3d37513 elementor-widget elementor-widget-heading\" data-id=\"3d37513\" data-element_type=\"widget\" data-e-type=\"widget\" data-widget_type=\"heading.default\">\n\t\t\t\t\t<h6 class=\"elementor-heading-title elementor-size-default\">PARSI - UNA EXPERIENCIA GASTRONOMICA PERSA REFINADA EN EL CORAZON DE MADRID <\/h6>\t\t\t\t<\/div>\n\t\t\t\t<div class=\"elementor-element elementor-element-77dfcf7 elementor-widget__width-inherit elementor-widget elementor-widget-text-editor\" data-id=\"77dfcf7\" data-element_type=\"widget\" data-e-type=\"widget\" data-widget_type=\"text-editor.default\">\n\t\t\t\t\t\t\t\t\t<p>El espacio de PARSI ha sido cuidadosamente dise\u00f1ado para que cada visitante se sienta como en casa. Desde la decoraci\u00f3n hasta la m\u00fasica ambiental, cada detalle refleja la calidez, el arte y la hospitalidad de la cultura persa.<\/p><p>Sea para una cena intima o una celebraci\u00f3n especial, PARSI ofrece una experiencia gastron\u00f3mica persa autentica y refinada en el cerraz\u00f3n de Madrid.<\/p>\t\t\t\t\t\t\t\t<\/div>\n\t\t\t\t<div class=\"elementor-element elementor-element-2d55985 elementor-widget elementor-widget-image\" data-id=\"2d55985\" data-element_type=\"widget\" data-e-type=\"widget\" data-widget_type=\"image.default\">\n\t\t\t\t\t\t\t\t\t\t\t\t\t\t\t<img loading=\"lazy\" decoding=\"async\" width=\"1024\" height=\"683\" src=\"https:\/\/parsi.es\/wp-content\/uploads\/2026\/03\/zereshk-polo-ba-morgh-saffron-rice-barberries-chicken-parsi-madrid.jpg-1024x683.jpg\" class=\"attachment-large size-large wp-image-1502\" alt=\"Zereshk Polo ba Morgh: Saffron-infused basmati rice with tart barberries and tender chicken at PARSI Madrid.\" srcset=\"https:\/\/parsi.es\/wp-content\/uploads\/2026\/03\/zereshk-polo-ba-morgh-saffron-rice-barberries-chicken-parsi-madrid.jpg-1024x683.jpg 1024w, https:\/\/parsi.es\/wp-content\/uploads\/2026\/03\/zereshk-polo-ba-morgh-saffron-rice-barberries-chicken-parsi-madrid.jpg-300x200.jpg 300w, https:\/\/parsi.es\/wp-content\/uploads\/2026\/03\/zereshk-polo-ba-morgh-saffron-rice-barberries-chicken-parsi-madrid.jpg-768x512.jpg 768w, https:\/\/parsi.es\/wp-content\/uploads\/2026\/03\/zereshk-polo-ba-morgh-saffron-rice-barberries-chicken-parsi-madrid.jpg-1536x1024.jpg 1536w, https:\/\/parsi.es\/wp-content\/uploads\/2026\/03\/zereshk-polo-ba-morgh-saffron-rice-barberries-chicken-parsi-madrid.jpg-18x12.jpg 18w, https:\/\/parsi.es\/wp-content\/uploads\/2026\/03\/zereshk-polo-ba-morgh-saffron-rice-barberries-chicken-parsi-madrid.jpg-e1774113129215.jpg 750w\" sizes=\"(max-width: 1024px) 100vw, 1024px\" \/>\t\t\t\t\t\t\t\t\t\t\t\t\t\t\t<\/div>\n\t\t\t\t<div class=\"elementor-element elementor-element-28037e9 elementor-widget elementor-widget-html\" data-id=\"28037e9\" data-element_type=\"widget\" data-e-type=\"widget\" data-widget_type=\"html.default\">\n\t\t\t\t\t<div id=\"TA_certificateOfExcellence761\" class=\"TA_certificateOfExcellence\"><ul id=\"ukV9kQ\" class=\"TA_links eFvr9zuih9GO\"><li id=\"jPKHMQac95O\" class=\"WdMdYECy9y\"><a target=\"_blank\" href=\"https:\/\/www.tripadvisor.es\/Restaurant_Review-g187514-d26264979-Reviews-PARSI_Restaurante_Persa-Madrid.html\" rel=\"noopener\"><img decoding=\"async\" src=\"https:\/\/static.tacdn.com\/img2\/travelers_choice\/widgets\/tchotel_2025_LL.png\" alt=\"TripAdvisor\" class=\"widCOEImg\" id=\"CDSWIDCOELOGO\"\/><\/a><\/li><\/ul><\/div><script async src=\"https:\/\/www.jscache.com\/wejs?wtype=certificateOfExcellence&amp;uniq=761&amp;locationId=26264979&amp;lang=es&amp;year=2025&amp;display_version=2\" data-loadtrk onload=\"this.loadtrk=true\"><\/script>\t\t\t\t<\/div>\n\t\t\t\t<div class=\"elementor-element elementor-element-bcb26e0 elementor-widget elementor-widget-button\" data-id=\"bcb26e0\" data-element_type=\"widget\" data-e-type=\"widget\" data-widget_type=\"button.default\">\n\t\t\t\t\t\t\t\t\t\t<a class=\"elementor-button elementor-button-link elementor-size-sm\" href=\"https:\/\/parsi.es\/wp-content\/uploads\/2026\/01\/MENU-COMPELTO-DE-PARSI-2026-.pdf\">\n\t\t\t\t\t\t<span class=\"elementor-button-content-wrapper\">\n\t\t\t\t\t\t\t\t\t<span class=\"elementor-button-text\">Men\u00fa <\/span>\n\t\t\t\t\t<\/span>\n\t\t\t\t\t<\/a>\n\t\t\t\t\t\t\t\t<\/div>\n\t\t\t\t<div class=\"elementor-element elementor-element-c3989e5 elementor-widget elementor-widget-heading\" data-id=\"c3989e5\" data-element_type=\"widget\" data-e-type=\"widget\" data-widget_type=\"heading.default\">\n\t\t\t\t\t<h2 class=\"elementor-heading-title elementor-size-default\"><a href=\"https:\/\/parsi.es\/es\/restaurante-persa-madrid\/\">PARSI - Restaurante persa <\/a><\/h2>\t\t\t\t<\/div>\n\t\t\t\t\t<\/div>\n\t\t\t\t<\/div>\n\t\t\t\t<\/div>","protected":false},"excerpt":{"rendered":"<p>Persian Restaurant and Halal Restaurant in Madrid \u2013 Authentic Iranian Cuisine Persian restaurant in Madrid, PARSI offers authentic Iranian cuisine [&hellip;]<\/p>\n","protected":false},"author":1,"featured_media":0,"parent":0,"menu_order":0,"comment_status":"closed","ping_status":"closed","template":"","meta":{"site-sidebar-layout":"no-sidebar","site-content-layout":"","ast-site-content-layout":"full-width-container","site-content-style":"default","site-sidebar-style":"default","ast-global-header-display":"","ast-banner-title-visibility":"","ast-main-header-display":"","ast-hfb-above-header-display":"","ast-hfb-below-header-display":"","ast-hfb-mobile-header-display":"","site-post-title":"disabled","ast-breadcrumbs-content":"","ast-featured-img":"disabled","footer-sml-layout":"","ast-disable-related-posts":"","theme-transparent-header-meta":"","adv-header-id-meta":"","stick-header-meta":"","header-above-stick-meta":"","header-main-stick-meta":"","header-below-stick-meta":"","astra-migrate-meta-layouts":"default","ast-page-background-enabled":"default","ast-page-background-meta":{"desktop":{"background-color":"var(--ast-global-color-5)","background-image":"","background-repeat":"repeat","background-position":"center center","background-size":"auto","background-attachment":"scroll","background-type":"","background-media":"","overlay-type":"","overlay-color":"","overlay-opacity":"","overlay-gradient":""},"tablet":{"background-color":"","background-image":"","background-repeat":"repeat","background-position":"center center","background-size":"auto","background-attachment":"scroll","background-type":"","background-media":"","overlay-type":"","overlay-color":"","overlay-opacity":"","overlay-gradient":""},"mobile":{"background-color":"","background-image":"","background-repeat":"repeat","background-position":"center center","background-size":"auto","background-attachment":"scroll","background-type":"","background-media":"","overlay-type":"","overlay-color":"","overlay-opacity":"","overlay-gradient":""}},"ast-content-background-meta":{"desktop":{"background-color":"var(--ast-global-color-4)","background-image":"","background-repeat":"repeat","background-position":"center center","background-size":"auto","background-attachment":"scroll","background-type":"","background-media":"","overlay-type":"","overlay-color":"","overlay-opacity":"","overlay-gradient":""},"tablet":{"background-color":"var(--ast-global-color-4)","background-image":"","background-repeat":"repeat","background-position":"center center","background-size":"auto","background-attachment":"scroll","background-type":"","background-media":"","overlay-type":"","overlay-color":"","overlay-opacity":"","overlay-gradient":""},"mobile":{"background-color":"var(--ast-global-color-4)","background-image":"","background-repeat":"repeat","background-position":"center center","background-size":"auto","background-attachment":"scroll","background-type":"","background-media":"","overlay-type":"","overlay-color":"","overlay-opacity":"","overlay-gradient":""}},"footnotes":""},"class_list":["post-33","page","type-page","status-publish","hentry"],"_links":{"self":[{"href":"https:\/\/parsi.es\/es\/wp-json\/wp\/v2\/pages\/33","targetHints":{"allow":["GET"]}}],"collection":[{"href":"https:\/\/parsi.es\/es\/wp-json\/wp\/v2\/pages"}],"about":[{"href":"https:\/\/parsi.es\/es\/wp-json\/wp\/v2\/types\/page"}],"author":[{"embeddable":true,"href":"https:\/\/parsi.es\/es\/wp-json\/wp\/v2\/users\/1"}],"replies":[{"embeddable":true,"href":"https:\/\/parsi.es\/es\/wp-json\/wp\/v2\/comments?post=33"}],"version-history":[{"count":15,"href":"https:\/\/parsi.es\/es\/wp-json\/wp\/v2\/pages\/33\/revisions"}],"predecessor-version":[{"id":1519,"href":"https:\/\/parsi.es\/es\/wp-json\/wp\/v2\/pages\/33\/revisions\/1519"}],"wp:attachment":[{"href":"https:\/\/parsi.es\/es\/wp-json\/wp\/v2\/media?parent=33"}],"curies":[{"name":"wp","href":"https:\/\/api.w.org\/{rel}","templated":true}]}}